{"id":3618,"date":"2023-05-29T18:01:58","date_gmt":"2023-05-29T18:01:58","guid":{"rendered":"https:\/\/atyourfeet.blog\/?page_id=3618"},"modified":"2023-05-30T16:57:23","modified_gmt":"2023-05-30T16:57:23","slug":"karine","status":"publish","type":"page","link":"https:\/\/atyourfeet.blog\/?page_id=3618","title":{"rendered":"Karine"},"content":{"rendered":"\t\t<div data-elementor-type=\"wp-page\" data-elementor-id=\"3618\" class=\"elementor elementor-3618\">\n\t\t\t\t\t\t\t\t\t<section class=\"elementor-section elementor-top-section elementor-element elementor-element-ff9d597 elementor-section-content-middle elementor-section-boxed elementor-section-height-default elementor-section-height-default\" data-id=\"ff9d597\" data-element_type=\"section\">\n\t\t\t\t\t\t<div class=\"elementor-container elementor-column-gap-default\">\n\t\t\t\t\t<div class=\"elementor-column elementor-col-33 elementor-top-column elementor-element elementor-element-2532b24\" data-id=\"2532b24\" data-element_type=\"column\">\n\t\t\t<div class=\"elementor-widget-wrap elementor-element-populated\">\n\t\t\t\t\t\t\t\t<div class=\"elementor-element elementor-element-54d5315 elementor-widget elementor-widget-section_title\" data-id=\"54d5315\" data-element_type=\"widget\" data-widget_type=\"section_title.default\">\n\t\t\t\t<div class=\"elementor-widget-container\">\n\t\t\t\t\t\t<div class=\"section-title-container\">\r\n\r\n\t\t\t\t\r\n\t\t\t\t\t\t\t\t\t<h1 class=\"section-title\">\r\n\t\t\t\t\tKarine\t\t\t\t\t<\/h1>\r\n\t\t\t\t\r\n\t\t\t\t\t\t\t\t\t<div class=\"section-text\">\r\n\t\t\t\t\t<p><span style=\"font-weight: 400;\">Je peux dire que je suis une adoratrice, chanteuse, \u00e9pouse, maman... et prof d'anglais.<\/span><\/p><p><span style=\"font-weight: 400;\">Originaire du sud de la France, je me marie avec Pascal en 2003, et nous quittons chacun notre ville pour nous installer dans la magnifique r\u00e9gion de la Dr\u00f4me... jusqu'au jour o\u00f9, 19 ans plus tard, nous nous sommes pr\u00e9parer \u00e0 suivre la voix de Dieu pour une autre destination.<\/span><\/p> \r\n\t\t\t\t\t<\/div>\r\n\t\t\t\t\r\n\t\t\t<\/div>\r\n\t\t\t\t<\/div>\n\t\t\t\t<\/div>\n\t\t\t\t\t<\/div>\n\t\t<\/div>\n\t\t\t\t<div class=\"elementor-column elementor-col-33 elementor-top-column elementor-element elementor-element-f988764\" data-id=\"f988764\" data-element_type=\"column\">\n\t\t\t<div class=\"elementor-widget-wrap elementor-element-populated\">\n\t\t\t\t\t\t\t\t<div class=\"elementor-element elementor-element-9de6f8f elementor-absolute elementor-widget elementor-widget-image\" data-id=\"9de6f8f\" data-element_type=\"widget\" data-settings=\"{&quot;_position&quot;:&quot;absolute&quot;}\" data-widget_type=\"image.default\">\n\t\t\t\t<div class=\"elementor-widget-container\">\n\t\t\t<style>\/*! elementor - v3.10.2 - 29-01-2023 *\/\n.elementor-widget-image{text-align:center}.elementor-widget-image a{display:inline-block}.elementor-widget-image a img[src$=\".svg\"]{width:48px}.elementor-widget-image img{vertical-align:middle;display:inline-block}<\/style>\t\t\t\t\t\t\t\t\t\t\t\t<img loading=\"lazy\" decoding=\"async\" width=\"499\" height=\"520\" src=\"https:\/\/atyourfeet.blog\/wp-content\/uploads\/2021\/07\/about-me-border-bg.png\" class=\"attachment-full size-full wp-image-1533\" alt=\"Lifestyle and Travel\" srcset=\"https:\/\/atyourfeet.blog\/wp-content\/uploads\/2021\/07\/about-me-border-bg.png 499w, https:\/\/atyourfeet.blog\/wp-content\/uploads\/2021\/07\/about-me-border-bg-288x300.png 288w\" sizes=\"auto, (max-width: 499px) 100vw, 499px\" \/>\t\t\t\t\t\t\t\t\t\t\t\t\t\t\t<\/div>\n\t\t\t\t<\/div>\n\t\t\t\t<div class=\"elementor-element elementor-element-9bef298 elementor-widget elementor-widget-image\" data-id=\"9bef298\" data-element_type=\"widget\" data-widget_type=\"image.default\">\n\t\t\t\t<div class=\"elementor-widget-container\">\n\t\t\t\t\t\t\t\t\t\t\t\t\t\t\t<img loading=\"lazy\" decoding=\"async\" width=\"1236\" height=\"1648\" src=\"https:\/\/atyourfeet.blog\/wp-content\/uploads\/2023\/05\/8976f446-59cd-4c19-866a-f157c4ebd1e1.jpg\" class=\"attachment-full size-full wp-image-3756\" alt=\"\" srcset=\"https:\/\/atyourfeet.blog\/wp-content\/uploads\/2023\/05\/8976f446-59cd-4c19-866a-f157c4ebd1e1.jpg 1236w, https:\/\/atyourfeet.blog\/wp-content\/uploads\/2023\/05\/8976f446-59cd-4c19-866a-f157c4ebd1e1-225x300.jpg 225w, https:\/\/atyourfeet.blog\/wp-content\/uploads\/2023\/05\/8976f446-59cd-4c19-866a-f157c4ebd1e1-768x1024.jpg 768w, https:\/\/atyourfeet.blog\/wp-content\/uploads\/2023\/05\/8976f446-59cd-4c19-866a-f157c4ebd1e1-1152x1536.jpg 1152w, https:\/\/atyourfeet.blog\/wp-content\/uploads\/2023\/05\/8976f446-59cd-4c19-866a-f157c4ebd1e1-650x867.jpg 650w\" sizes=\"auto, (max-width: 1236px) 100vw, 1236px\" \/>\t\t\t\t\t\t\t\t\t\t\t\t\t\t\t<\/div>\n\t\t\t\t<\/div>\n\t\t\t\t\t<\/div>\n\t\t<\/div>\n\t\t\t\t<div class=\"elementor-column elementor-col-33 elementor-top-column elementor-element elementor-element-04750db\" data-id=\"04750db\" data-element_type=\"column\">\n\t\t\t<div class=\"elementor-widget-wrap elementor-element-populated\">\n\t\t\t\t\t\t\t\t<div class=\"elementor-element elementor-element-77fc745 elementor-widget elementor-widget-text-editor\" data-id=\"77fc745\" data-element_type=\"widget\" data-widget_type=\"text-editor.default\">\n\t\t\t\t<div class=\"elementor-widget-container\">\n\t\t\t<style>\/*! elementor - v3.10.2 - 29-01-2023 *\/\n.elementor-widget-text-editor.elementor-drop-cap-view-stacked .elementor-drop-cap{background-color:#818a91;color:#fff}.elementor-widget-text-editor.elementor-drop-cap-view-framed .elementor-drop-cap{color:#818a91;border:3px solid;background-color:transparent}.elementor-widget-text-editor:not(.elementor-drop-cap-view-default) .elementor-drop-cap{margin-top:8px}.elementor-widget-text-editor:not(.elementor-drop-cap-view-default) .elementor-drop-cap-letter{width:1em;height:1em}.elementor-widget-text-editor .elementor-drop-cap{float:left;text-align:center;line-height:1;font-size:50px}.elementor-widget-text-editor .elementor-drop-cap-letter{display:inline-block}<\/style>\t\t\t\t<p><span style=\"font-weight: 400;\">En effet, nous avons embarqu\u00e9 nos 3 ados et sommes partis retrouver nos racines et tellement plus en Arm\u00e9nie, o\u00f9 nous nous \u00e9tions rencontr\u00e9s !\u00a0<\/span><\/p><p><span style=\"font-weight: 400;\">Ici, je suis toujours professeur d&#8217;anglais au Lyc\u00e9e fran\u00e7ais, et par-dessus tout, je continue d&#8217;exercer ma passion de toujours dans l&#8217;\u00e9quipe de louange de l&#8217;\u00e9glise internationale de Yerevan, ou en chantant sur le vieux piano de notre salon.\u00a0<\/span><\/p><p><span style=\"font-weight: 400;\">J&#8217;aime aussi profond\u00e9ment la rencontre de l&#8217;autre et l&#8217;entretien des relations. Mais mon plus grand challenge aujourd&#8217;hui est ma vie de maman d&#8217;ados!<\/span><\/p>\t\t\t\t\t\t<\/div>\n\t\t\t\t<\/div>\n\t\t\t\t\t<\/div>\n\t\t<\/div>\n\t\t\t\t\t\t\t<\/div>\n\t\t<\/section>\n\t\t\t\t<section class=\"elementor-section elementor-top-section elementor-element elementor-element-ae0d0ef elementor-section-full_width elementor-section-height-default elementor-section-height-default\" data-id=\"ae0d0ef\" data-element_type=\"section\">\n\t\t\t\t\t\t<div class=\"elementor-container elementor-column-gap-default\">\n\t\t\t\t\t<div class=\"elementor-column elementor-col-100 elementor-top-column elementor-element elementor-element-e732fa8\" data-id=\"e732fa8\" data-element_type=\"column\">\n\t\t\t<div class=\"elementor-widget-wrap elementor-element-populated\">\n\t\t\t\t\t\t\t\t<div class=\"elementor-element elementor-element-70d305d elementor-widget elementor-widget-marquee\" data-id=\"70d305d\" data-element_type=\"widget\" data-settings=\"{&quot;delayBeforeStart &quot;:&quot;0&quot;,&quot;direction&quot;:&quot;left&quot;,&quot;duplicated&quot;:&quot;true&quot;,&quot;gap&quot;:&quot;0&quot;,&quot;speed&quot;:&quot;100&quot;,&quot;pauseOnHover&quot;:&quot;true&quot;,&quot;startVisible&quot;:&quot;true&quot;}\" data-widget_type=\"marquee.default\">\n\t\t\t\t<div class=\"elementor-widget-container\">\n\t\t\t\t\t\t<div class=\"marquee-container\">\r\n\t\t\t\t<div class=\"marquee\">\r\n\t\t\t\t\t\tAt your feet Le blog, c\u2019est un \u00e9tat de c\u0153ur, plus qu&#039;une posture physique. \r\n\t\t\t\t<\/div>\r\n\t\t\t<\/div>\r\n \r\n\t\t\t\t<\/div>\n\t\t\t\t<\/div>\n\t\t\t\t\t<\/div>\n\t\t<\/div>\n\t\t\t\t\t\t\t<\/div>\n\t\t<\/section>\n\t\t\t\t\t\t\t<\/div>\n\t\t","protected":false},"excerpt":{"rendered":"<p>Karine Je peux dire que je suis une adoratrice, chanteuse, \u00e9pouse, maman&#8230; et prof d&#8217;anglais. Originaire du sud de la France, je me marie avec Pascal en 2003, et nous quittons chacun notre ville pour nous installer dans la magnifique r\u00e9gion de la Dr\u00f4me&#8230; jusqu&#8217;au jour o\u00f9, 19 ans plus tard, nous nous sommes pr\u00e9parer [&hellip;]<\/p>\n","protected":false},"author":1,"featured_media":0,"parent":0,"menu_order":0,"comment_status":"closed","ping_status":"closed","template":"page-full-width.php","meta":{"footnotes":""},"class_list":["post-3618","page","type-page","status-publish","hentry","entry"],"_links":{"self":[{"href":"https:\/\/atyourfeet.blog\/index.php?rest_route=\/wp\/v2\/pages\/3618","targetHints":{"allow":["GET"]}}],"collection":[{"href":"https:\/\/atyourfeet.blog\/index.php?rest_route=\/wp\/v2\/pages"}],"about":[{"href":"https:\/\/atyourfeet.blog\/index.php?rest_route=\/wp\/v2\/types\/page"}],"author":[{"embeddable":true,"href":"https:\/\/atyourfeet.blog\/index.php?rest_route=\/wp\/v2\/users\/1"}],"replies":[{"embeddable":true,"href":"https:\/\/atyourfeet.blog\/index.php?rest_route=%2Fwp%2Fv2%2Fcomments&post=3618"}],"version-history":[{"count":11,"href":"https:\/\/atyourfeet.blog\/index.php?rest_route=\/wp\/v2\/pages\/3618\/revisions"}],"predecessor-version":[{"id":3759,"href":"https:\/\/atyourfeet.blog\/index.php?rest_route=\/wp\/v2\/pages\/3618\/revisions\/3759"}],"wp:attachment":[{"href":"https:\/\/atyourfeet.blog\/index.php?rest_route=%2Fwp%2Fv2%2Fmedia&parent=3618"}],"curies":[{"name":"wp","href":"https:\/\/api.w.org\/{rel}","templated":true}]}}