{"id":3616,"date":"2023-05-29T18:01:34","date_gmt":"2023-05-29T18:01:34","guid":{"rendered":"https:\/\/atyourfeet.blog\/?page_id=3616"},"modified":"2023-05-30T15:17:31","modified_gmt":"2023-05-30T15:17:31","slug":"doriane","status":"publish","type":"page","link":"https:\/\/atyourfeet.blog\/?page_id=3616","title":{"rendered":"Doriane"},"content":{"rendered":"\t\t<div data-elementor-type=\"wp-page\" data-elementor-id=\"3616\" class=\"elementor elementor-3616\">\n\t\t\t\t\t\t\t\t\t<section class=\"elementor-section elementor-top-section elementor-element elementor-element-ff9d597 elementor-section-content-middle elementor-section-boxed elementor-section-height-default elementor-section-height-default\" data-id=\"ff9d597\" data-element_type=\"section\">\n\t\t\t\t\t\t<div class=\"elementor-container elementor-column-gap-default\">\n\t\t\t\t\t<div class=\"elementor-column elementor-col-33 elementor-top-column elementor-element elementor-element-2532b24\" data-id=\"2532b24\" data-element_type=\"column\">\n\t\t\t<div class=\"elementor-widget-wrap elementor-element-populated\">\n\t\t\t\t\t\t\t\t<div class=\"elementor-element elementor-element-54d5315 elementor-widget elementor-widget-section_title\" data-id=\"54d5315\" data-element_type=\"widget\" data-widget_type=\"section_title.default\">\n\t\t\t\t<div class=\"elementor-widget-container\">\n\t\t\t\t\t\t<div class=\"section-title-container\">\r\n\r\n\t\t\t\t\r\n\t\t\t\t\t\t\t\t\t<h1 class=\"section-title\">\r\n\t\t\t\t\tDoriane\t\t\t\t\t<\/h1>\r\n\t\t\t\t\r\n\t\t\t\t\t\t\t\t\t<div class=\"section-text\">\r\n\t\t\t\t\t<p><span style=\"font-weight: 400;\">Je pense que je suis n\u00e9e avec un d\u00e9sir profond de parler de J\u00e9sus et une passion pour d\u00e9couvrir de nouvelles cultures. D\u00e8s mon plus jeune \u00e2ge je trouvais que c\u2019\u00e9tait \u00ab nul \u00bb que seuls les hommes pouvaient \u00eatre pr\u00eatre et parler de J\u00e9sus; debout devant mon miroir et lisant ma bible comme si je parlais au monde entier.<\/span><\/p><p><span style=\"font-weight: 400;\">Fin 2016, Dieu s\u2019est r\u00e9v\u00e9l\u00e9 \u00e0 moi, \u00e0 un moment de ma vie o\u00f9 j\u2019avais accompli tout ce que je d\u00e9sirais dans ce monde:\u00a0 \u00e9tudes en management &amp; finance, travail passionnant dans une grande compagnie sur les Champs Elys\u00e9e, \u2026\u00a0 mais si vide \u00e0 la fois!<\/span><\/p> \r\n\t\t\t\t\t<\/div>\r\n\t\t\t\t\r\n\t\t\t<\/div>\r\n\t\t\t\t<\/div>\n\t\t\t\t<\/div>\n\t\t\t\t\t<\/div>\n\t\t<\/div>\n\t\t\t\t<div class=\"elementor-column elementor-col-33 elementor-top-column elementor-element elementor-element-f988764\" data-id=\"f988764\" data-element_type=\"column\">\n\t\t\t<div class=\"elementor-widget-wrap elementor-element-populated\">\n\t\t\t\t\t\t\t\t<div class=\"elementor-element elementor-element-9de6f8f elementor-absolute elementor-widget elementor-widget-image\" data-id=\"9de6f8f\" data-element_type=\"widget\" data-settings=\"{&quot;_position&quot;:&quot;absolute&quot;}\" data-widget_type=\"image.default\">\n\t\t\t\t<div class=\"elementor-widget-container\">\n\t\t\t<style>\/*! elementor - v3.10.2 - 29-01-2023 *\/\n.elementor-widget-image{text-align:center}.elementor-widget-image a{display:inline-block}.elementor-widget-image a img[src$=\".svg\"]{width:48px}.elementor-widget-image img{vertical-align:middle;display:inline-block}<\/style>\t\t\t\t\t\t\t\t\t\t\t\t<img loading=\"lazy\" decoding=\"async\" width=\"499\" height=\"520\" src=\"https:\/\/atyourfeet.blog\/wp-content\/uploads\/2021\/07\/about-me-border-bg.png\" class=\"attachment-full size-full wp-image-1533\" alt=\"Lifestyle and Travel\" srcset=\"https:\/\/atyourfeet.blog\/wp-content\/uploads\/2021\/07\/about-me-border-bg.png 499w, https:\/\/atyourfeet.blog\/wp-content\/uploads\/2021\/07\/about-me-border-bg-288x300.png 288w\" sizes=\"auto, (max-width: 499px) 100vw, 499px\" \/>\t\t\t\t\t\t\t\t\t\t\t\t\t\t\t<\/div>\n\t\t\t\t<\/div>\n\t\t\t\t<div class=\"elementor-element elementor-element-9bef298 elementor-widget elementor-widget-image\" data-id=\"9bef298\" data-element_type=\"widget\" data-widget_type=\"image.default\">\n\t\t\t\t<div class=\"elementor-widget-container\">\n\t\t\t\t\t\t\t\t\t\t\t\t\t\t\t<img loading=\"lazy\" decoding=\"async\" width=\"1536\" height=\"2048\" src=\"https:\/\/atyourfeet.blog\/wp-content\/uploads\/2021\/07\/IMG_3766-2.jpg\" class=\"attachment-full size-full wp-image-3189\" alt=\"\" srcset=\"https:\/\/atyourfeet.blog\/wp-content\/uploads\/2021\/07\/IMG_3766-2.jpg 1536w, https:\/\/atyourfeet.blog\/wp-content\/uploads\/2021\/07\/IMG_3766-2-225x300.jpg 225w, https:\/\/atyourfeet.blog\/wp-content\/uploads\/2021\/07\/IMG_3766-2-768x1024.jpg 768w, https:\/\/atyourfeet.blog\/wp-content\/uploads\/2021\/07\/IMG_3766-2-1152x1536.jpg 1152w, https:\/\/atyourfeet.blog\/wp-content\/uploads\/2021\/07\/IMG_3766-2-650x867.jpg 650w\" sizes=\"auto, (max-width: 1536px) 100vw, 1536px\" \/>\t\t\t\t\t\t\t\t\t\t\t\t\t\t\t<\/div>\n\t\t\t\t<\/div>\n\t\t\t\t\t<\/div>\n\t\t<\/div>\n\t\t\t\t<div class=\"elementor-column elementor-col-33 elementor-top-column elementor-element elementor-element-04750db\" data-id=\"04750db\" data-element_type=\"column\">\n\t\t\t<div class=\"elementor-widget-wrap elementor-element-populated\">\n\t\t\t\t\t\t\t\t<div class=\"elementor-element elementor-element-77fc745 elementor-widget elementor-widget-text-editor\" data-id=\"77fc745\" data-element_type=\"widget\" data-widget_type=\"text-editor.default\">\n\t\t\t\t<div class=\"elementor-widget-container\">\n\t\t\t<style>\/*! elementor - v3.10.2 - 29-01-2023 *\/\n.elementor-widget-text-editor.elementor-drop-cap-view-stacked .elementor-drop-cap{background-color:#818a91;color:#fff}.elementor-widget-text-editor.elementor-drop-cap-view-framed .elementor-drop-cap{color:#818a91;border:3px solid;background-color:transparent}.elementor-widget-text-editor:not(.elementor-drop-cap-view-default) .elementor-drop-cap{margin-top:8px}.elementor-widget-text-editor:not(.elementor-drop-cap-view-default) .elementor-drop-cap-letter{width:1em;height:1em}.elementor-widget-text-editor .elementor-drop-cap{float:left;text-align:center;line-height:1;font-size:50px}.elementor-widget-text-editor .elementor-drop-cap-letter{display:inline-block}<\/style>\t\t\t\t<p><span style=\"font-weight: 400;\">\u00a0Je suis aujourd\u2019hui directrice d\u2019une agence de transformation digitale dont l\u2019une des missions est l\u2019inclusion des personnes sourdes et muettes.<\/span><\/p><p><span style=\"font-weight: 400;\">Je suis avant tout, missionnaire\u00a0 de l\u2019\u00eele Maurice jusqu&#8217;aux extr\u00e9mit\u00e9s de la terre. Je suis envoy\u00e9e pour atteindre les \u00e2mes perdues en faisant briller la lumi\u00e8re du Christ dans les endroits les plus sombres pour donner aux autres les moyens de partager \u00e0 leur tour la Bonne Nouvelle, l\u00e0 o\u00f9 ils vivent. Je forme les croyants \u00e0 faire des disciples de J\u00e9sus, ce qui conduit \u00e0 des mouvements de disciples afin que tous entendent. Vous lirez plus dans mes posts !\u00a0<\/span><\/p>\t\t\t\t\t\t<\/div>\n\t\t\t\t<\/div>\n\t\t\t\t\t<\/div>\n\t\t<\/div>\n\t\t\t\t\t\t\t<\/div>\n\t\t<\/section>\n\t\t\t\t<section class=\"elementor-section elementor-top-section elementor-element elementor-element-ae0d0ef elementor-section-full_width elementor-section-height-default elementor-section-height-default\" data-id=\"ae0d0ef\" data-element_type=\"section\">\n\t\t\t\t\t\t<div class=\"elementor-container elementor-column-gap-default\">\n\t\t\t\t\t<div class=\"elementor-column elementor-col-100 elementor-top-column elementor-element elementor-element-e732fa8\" data-id=\"e732fa8\" data-element_type=\"column\">\n\t\t\t<div class=\"elementor-widget-wrap elementor-element-populated\">\n\t\t\t\t\t\t\t\t<div class=\"elementor-element elementor-element-70d305d elementor-widget elementor-widget-marquee\" data-id=\"70d305d\" data-element_type=\"widget\" data-settings=\"{&quot;delayBeforeStart &quot;:&quot;0&quot;,&quot;direction&quot;:&quot;left&quot;,&quot;duplicated&quot;:&quot;true&quot;,&quot;gap&quot;:&quot;0&quot;,&quot;speed&quot;:&quot;100&quot;,&quot;pauseOnHover&quot;:&quot;true&quot;,&quot;startVisible&quot;:&quot;true&quot;}\" data-widget_type=\"marquee.default\">\n\t\t\t\t<div class=\"elementor-widget-container\">\n\t\t\t\t\t\t<div class=\"marquee-container\">\r\n\t\t\t\t<div class=\"marquee\">\r\n\t\t\t\t\t\tAt your feet Le blog, c\u2019est un \u00e9tat de c\u0153ur, plus qu&#039;une posture physique. \r\n\t\t\t\t<\/div>\r\n\t\t\t<\/div>\r\n \r\n\t\t\t\t<\/div>\n\t\t\t\t<\/div>\n\t\t\t\t\t<\/div>\n\t\t<\/div>\n\t\t\t\t\t\t\t<\/div>\n\t\t<\/section>\n\t\t\t\t\t\t\t<\/div>\n\t\t","protected":false},"excerpt":{"rendered":"<p>Doriane Je pense que je suis n\u00e9e avec un d\u00e9sir profond de parler de J\u00e9sus et une passion pour d\u00e9couvrir de nouvelles cultures. D\u00e8s mon plus jeune \u00e2ge je trouvais que c\u2019\u00e9tait \u00ab nul \u00bb que seuls les hommes pouvaient \u00eatre pr\u00eatre et parler de J\u00e9sus; debout devant mon miroir et lisant ma bible comme [&hellip;]<\/p>\n","protected":false},"author":1,"featured_media":0,"parent":0,"menu_order":0,"comment_status":"closed","ping_status":"closed","template":"page-full-width.php","meta":{"footnotes":""},"class_list":["post-3616","page","type-page","status-publish","hentry","entry"],"_links":{"self":[{"href":"https:\/\/atyourfeet.blog\/index.php?rest_route=\/wp\/v2\/pages\/3616","targetHints":{"allow":["GET"]}}],"collection":[{"href":"https:\/\/atyourfeet.blog\/index.php?rest_route=\/wp\/v2\/pages"}],"about":[{"href":"https:\/\/atyourfeet.blog\/index.php?rest_route=\/wp\/v2\/types\/page"}],"author":[{"embeddable":true,"href":"https:\/\/atyourfeet.blog\/index.php?rest_route=\/wp\/v2\/users\/1"}],"replies":[{"embeddable":true,"href":"https:\/\/atyourfeet.blog\/index.php?rest_route=%2Fwp%2Fv2%2Fcomments&post=3616"}],"version-history":[{"count":11,"href":"https:\/\/atyourfeet.blog\/index.php?rest_route=\/wp\/v2\/pages\/3616\/revisions"}],"predecessor-version":[{"id":3754,"href":"https:\/\/atyourfeet.blog\/index.php?rest_route=\/wp\/v2\/pages\/3616\/revisions\/3754"}],"wp:attachment":[{"href":"https:\/\/atyourfeet.blog\/index.php?rest_route=%2Fwp%2Fv2%2Fmedia&parent=3616"}],"curies":[{"name":"wp","href":"https:\/\/api.w.org\/{rel}","templated":true}]}}