{"id":3611,"date":"2023-05-29T17:51:39","date_gmt":"2023-05-29T17:51:39","guid":{"rendered":"https:\/\/atyourfeet.blog\/?page_id=3611"},"modified":"2023-05-30T13:27:55","modified_gmt":"2023-05-30T13:27:55","slug":"about-me-2","status":"publish","type":"page","link":"https:\/\/atyourfeet.blog\/?page_id=3611","title":{"rendered":"Jessika"},"content":{"rendered":"\t\t<div data-elementor-type=\"wp-page\" data-elementor-id=\"3611\" class=\"elementor elementor-3611\">\n\t\t\t\t\t\t\t\t\t<section class=\"elementor-section elementor-top-section elementor-element elementor-element-ae0d0ef elementor-section-full_width elementor-section-height-default elementor-section-height-default\" data-id=\"ae0d0ef\" data-element_type=\"section\">\n\t\t\t\t\t\t<div class=\"elementor-container elementor-column-gap-default\">\n\t\t\t\t\t<div class=\"elementor-column elementor-col-100 elementor-top-column elementor-element elementor-element-e732fa8\" data-id=\"e732fa8\" data-element_type=\"column\">\n\t\t\t<div class=\"elementor-widget-wrap elementor-element-populated\">\n\t\t\t\t\t\t\t\t<section class=\"elementor-section elementor-inner-section elementor-element elementor-element-9e109c6 elementor-section-boxed elementor-section-height-default elementor-section-height-default\" data-id=\"9e109c6\" data-element_type=\"section\">\n\t\t\t\t\t\t<div class=\"elementor-container elementor-column-gap-default\">\n\t\t\t\t\t<div class=\"elementor-column elementor-col-50 elementor-inner-column elementor-element elementor-element-d2bf307\" data-id=\"d2bf307\" data-element_type=\"column\">\n\t\t\t<div class=\"elementor-widget-wrap elementor-element-populated\">\n\t\t\t\t\t\t\t\t<div class=\"elementor-element elementor-element-31abaad elementor-absolute elementor-widget elementor-widget-image\" data-id=\"31abaad\" data-element_type=\"widget\" data-settings=\"{&quot;_position&quot;:&quot;absolute&quot;}\" data-widget_type=\"image.default\">\n\t\t\t\t<div class=\"elementor-widget-container\">\n\t\t\t<style>\/*! elementor - v3.10.2 - 29-01-2023 *\/\n.elementor-widget-image{text-align:center}.elementor-widget-image a{display:inline-block}.elementor-widget-image a img[src$=\".svg\"]{width:48px}.elementor-widget-image img{vertical-align:middle;display:inline-block}<\/style>\t\t\t\t\t\t\t\t\t\t\t\t<img loading=\"lazy\" decoding=\"async\" width=\"499\" height=\"520\" src=\"https:\/\/atyourfeet.blog\/wp-content\/uploads\/2021\/07\/about-me-border-bg.png\" class=\"attachment-full size-full wp-image-1533\" alt=\"Lifestyle and Travel\" srcset=\"https:\/\/atyourfeet.blog\/wp-content\/uploads\/2021\/07\/about-me-border-bg.png 499w, https:\/\/atyourfeet.blog\/wp-content\/uploads\/2021\/07\/about-me-border-bg-288x300.png 288w\" sizes=\"auto, (max-width: 499px) 100vw, 499px\" \/>\t\t\t\t\t\t\t\t\t\t\t\t\t\t\t<\/div>\n\t\t\t\t<\/div>\n\t\t\t\t<div class=\"elementor-element elementor-element-3af139b elementor-widget elementor-widget-image\" data-id=\"3af139b\" data-element_type=\"widget\" data-widget_type=\"image.default\">\n\t\t\t\t<div class=\"elementor-widget-container\">\n\t\t\t\t\t\t\t\t\t\t\t\t\t\t\t<img loading=\"lazy\" decoding=\"async\" width=\"1242\" height=\"1644\" src=\"https:\/\/atyourfeet.blog\/wp-content\/uploads\/2023\/02\/unnamed.jpeg\" class=\"attachment-full size-full wp-image-3472\" alt=\"\" srcset=\"https:\/\/atyourfeet.blog\/wp-content\/uploads\/2023\/02\/unnamed.jpeg 1242w, https:\/\/atyourfeet.blog\/wp-content\/uploads\/2023\/02\/unnamed-227x300.jpeg 227w, https:\/\/atyourfeet.blog\/wp-content\/uploads\/2023\/02\/unnamed-774x1024.jpeg 774w, https:\/\/atyourfeet.blog\/wp-content\/uploads\/2023\/02\/unnamed-768x1017.jpeg 768w, https:\/\/atyourfeet.blog\/wp-content\/uploads\/2023\/02\/unnamed-1160x1536.jpeg 1160w, https:\/\/atyourfeet.blog\/wp-content\/uploads\/2023\/02\/unnamed-650x860.jpeg 650w\" sizes=\"auto, (max-width: 1242px) 100vw, 1242px\" \/>\t\t\t\t\t\t\t\t\t\t\t\t\t\t\t<\/div>\n\t\t\t\t<\/div>\n\t\t\t\t\t<\/div>\n\t\t<\/div>\n\t\t\t\t<div class=\"elementor-column elementor-col-50 elementor-inner-column elementor-element elementor-element-75c61e3\" data-id=\"75c61e3\" data-element_type=\"column\">\n\t\t\t<div class=\"elementor-widget-wrap elementor-element-populated\">\n\t\t\t\t\t\t\t\t<div class=\"elementor-element elementor-element-6c97eac elementor-widget elementor-widget-heading\" data-id=\"6c97eac\" data-element_type=\"widget\" data-widget_type=\"heading.default\">\n\t\t\t\t<div class=\"elementor-widget-container\">\n\t\t\t<style>\/*! elementor - v3.10.2 - 29-01-2023 *\/\n.elementor-heading-title{padding:0;margin:0;line-height:1}.elementor-widget-heading .elementor-heading-title[class*=elementor-size-]>a{color:inherit;font-size:inherit;line-height:inherit}.elementor-widget-heading .elementor-heading-title.elementor-size-small{font-size:15px}.elementor-widget-heading .elementor-heading-title.elementor-size-medium{font-size:19px}.elementor-widget-heading .elementor-heading-title.elementor-size-large{font-size:29px}.elementor-widget-heading .elementor-heading-title.elementor-size-xl{font-size:39px}.elementor-widget-heading .elementor-heading-title.elementor-size-xxl{font-size:59px}<\/style><h2 class=\"elementor-heading-title elementor-size-xxl\">Jessika<\/h2>\t\t<\/div>\n\t\t\t\t<\/div>\n\t\t\t\t<div class=\"elementor-element elementor-element-1ae1592 elementor-widget elementor-widget-text-editor\" data-id=\"1ae1592\" data-element_type=\"widget\" data-widget_type=\"text-editor.default\">\n\t\t\t\t<div class=\"elementor-widget-container\">\n\t\t\t<style>\/*! elementor - v3.10.2 - 29-01-2023 *\/\n.elementor-widget-text-editor.elementor-drop-cap-view-stacked .elementor-drop-cap{background-color:#818a91;color:#fff}.elementor-widget-text-editor.elementor-drop-cap-view-framed .elementor-drop-cap{color:#818a91;border:3px solid;background-color:transparent}.elementor-widget-text-editor:not(.elementor-drop-cap-view-default) .elementor-drop-cap{margin-top:8px}.elementor-widget-text-editor:not(.elementor-drop-cap-view-default) .elementor-drop-cap-letter{width:1em;height:1em}.elementor-widget-text-editor .elementor-drop-cap{float:left;text-align:center;line-height:1;font-size:50px}.elementor-widget-text-editor .elementor-drop-cap-letter{display:inline-block}<\/style>\t\t\t\t<p><span style=\"font-weight: 400;\">Je m&#8217;appelle Jessika, je suis n\u00e9e en 1980 \u00e0 l&#8217;\u00eele de la R\u00e9union.\u00a0<\/span><span style=\"font-weight: 400;\">Mon enfance, je crois pouvoir en parler des heures, f\u00fbt \u00e0 la fois heureuse et d\u00e9sastreuse.<\/span><\/p><p><span style=\"font-weight: 400;\">Dans ma tendre enfance, j\u2019ai \u00e9t\u00e9 aussi bien entour\u00e9e d\u2019affection familiale, que victime d\u2019abus sexuels dans d\u2019autres cercles familiaux. \u00c0 l\u2019adolescence, j\u2019ai consomm\u00e9 toutes sortes de drogues pour soulager le mal \u00eatre profond dont je souffrais. Je m&#8217;entourais de relations toxiques qui m\u2019aspiraient toujours davantage vers le bas..<\/span><\/p><p><span style=\"font-weight: 400;\">\u00c9videmment, je masquais tout \u00e7a par des sourires et une joie de vivre m\u00eame \u00e9ph\u00e9m\u00e8re. Personne \u00e0 ce moment-l\u00e0 n&#8217;\u00e9tait parvenu \u00e0 d\u00e9celer qu\u2019en r\u00e9alit\u00e9 j\u2019\u00e9tais tr\u00e8s mal dans ma peau.<\/span><\/p><p><span style=\"font-weight: 400;\">Une envie et un besoin visc\u00e9ral d&#8217;\u00eatre aim\u00e9e, regard\u00e9e, m\u2019occupaient sans cesse. En d\u00e9pit de ma forte personnalit\u00e9 qui m\u2019a toujours caract\u00e9ris\u00e9e, je restais au fond une adolescente meurtrie. Les sp\u00e9cialistes appellent cela la r\u00e9silience\u2026<\/span><\/p>\t\t\t\t\t\t<\/div>\n\t\t\t\t<\/div>\n\t\t\t\t\t<\/div>\n\t\t<\/div>\n\t\t\t\t\t\t\t<\/div>\n\t\t<\/section>\n\t\t\t\t<section class=\"elementor-section elementor-inner-section elementor-element elementor-element-399d2a5 elementor-section-boxed elementor-section-height-default elementor-section-height-default\" data-id=\"399d2a5\" data-element_type=\"section\">\n\t\t\t\t\t\t<div class=\"elementor-container elementor-column-gap-default\">\n\t\t\t\t\t<div class=\"elementor-column elementor-col-100 elementor-inner-column elementor-element elementor-element-2736f06\" data-id=\"2736f06\" data-element_type=\"column\">\n\t\t\t<div class=\"elementor-widget-wrap elementor-element-populated\">\n\t\t\t\t\t\t\t\t<div class=\"elementor-element elementor-element-6ae0ebf elementor-widget elementor-widget-text-editor\" data-id=\"6ae0ebf\" data-element_type=\"widget\" data-widget_type=\"text-editor.default\">\n\t\t\t\t<div class=\"elementor-widget-container\">\n\t\t\t\t\t\t\t<p><span style=\"font-weight: 400;\">Alors que tout semblait d\u00e9sesp\u00e9r\u00e9, \u00e0 l&#8217;\u00e2ge de 15 ans, je tombe d&#8217;amour pour celui qui m&#8217;a sauv\u00e9e, qui m\u2019a aim\u00e9e, gu\u00e9rie et pardonn\u00e9e : J\u00e9sus-Christ devient mon tout. \u00c0 partir de ce moment ma vie lui est totalement consacr\u00e9e et d\u00e9sormais je sais qu\u2019il est ma seule raison de vivre.<\/span><\/p><p><span style=\"font-weight: 400;\">J&#8217;ai beaucoup voyag\u00e9, de la mission \u00e0 la formation toujours dans le but de le servir l\u00e0 o\u00f9 il m\u2019a conduite.<\/span><\/p><p><span style=\"font-weight: 400;\">En 2002, je rencontre Sylvain, fils de pasteurs, qui deviendra mon \u00e9poux.. Aujourd\u2019hui, je suis une femme combl\u00e9e, nous avons trois merveilleux enfants, avec qui nous traversons des pays, des saisons par la foi ob\u00e9issant fid\u00e9lement \u00e0 notre Seigneur. Voici bient\u00f4t 4 ans, nous sommes install\u00e9s au Canada, c\u00f4t\u00e9 francophone au Qu\u00e9bec et nous sommes dans l\u2019expectative que de grandes choses nous attendent.\u00a0<\/span><\/p><p><span style=\"font-weight: 400;\">Nous aimons le peuple de Dieu et avons toujours \u00e0 c\u0153ur de soutenir tous ceux qu&#8217; il a plac\u00e9s sur notre chemin. Mon plus grand d\u00e9sir est de d\u00e9verser son amour au travers de petites et des grandes choses qu&#8217;il aura pr\u00e9par\u00e9es d&#8217;avance pour r\u00e9jouir son c\u0153ur de p\u00e8re et glorifier J\u00e9sus.<\/span><\/p>\t\t\t\t\t\t<\/div>\n\t\t\t\t<\/div>\n\t\t\t\t\t<\/div>\n\t\t<\/div>\n\t\t\t\t\t\t\t<\/div>\n\t\t<\/section>\n\t\t\t\t<div class=\"elementor-element elementor-element-70d305d elementor-widget elementor-widget-marquee\" data-id=\"70d305d\" data-element_type=\"widget\" data-settings=\"{&quot;delayBeforeStart &quot;:&quot;0&quot;,&quot;direction&quot;:&quot;left&quot;,&quot;duplicated&quot;:&quot;true&quot;,&quot;gap&quot;:&quot;0&quot;,&quot;speed&quot;:&quot;100&quot;,&quot;pauseOnHover&quot;:&quot;true&quot;,&quot;startVisible&quot;:&quot;true&quot;}\" data-widget_type=\"marquee.default\">\n\t\t\t\t<div class=\"elementor-widget-container\">\n\t\t\t\t\t\t<div class=\"marquee-container\">\r\n\t\t\t\t<div class=\"marquee\">\r\n\t\t\t\t\t\tAt your feet Le blog, c\u2019est un \u00e9tat de c\u0153ur, plus qu&#039;une posture physique. \r\n\t\t\t\t<\/div>\r\n\t\t\t<\/div>\r\n \r\n\t\t\t\t<\/div>\n\t\t\t\t<\/div>\n\t\t\t\t\t<\/div>\n\t\t<\/div>\n\t\t\t\t\t\t\t<\/div>\n\t\t<\/section>\n\t\t\t\t\t\t\t<\/div>\n\t\t","protected":false},"excerpt":{"rendered":"<p>Jessika Je m&#8217;appelle Jessika, je suis n\u00e9e en 1980 \u00e0 l&#8217;\u00eele de la R\u00e9union.\u00a0Mon enfance, je crois pouvoir en parler des heures, f\u00fbt \u00e0 la fois heureuse et d\u00e9sastreuse. Dans ma tendre enfance, j\u2019ai \u00e9t\u00e9 aussi bien entour\u00e9e d\u2019affection familiale, que victime d\u2019abus sexuels dans d\u2019autres cercles familiaux. \u00c0 l\u2019adolescence, j\u2019ai consomm\u00e9 toutes sortes de [&hellip;]<\/p>\n","protected":false},"author":1,"featured_media":0,"parent":0,"menu_order":0,"comment_status":"closed","ping_status":"closed","template":"page-full-width.php","meta":{"footnotes":""},"class_list":["post-3611","page","type-page","status-publish","hentry","entry"],"_links":{"self":[{"href":"https:\/\/atyourfeet.blog\/index.php?rest_route=\/wp\/v2\/pages\/3611","targetHints":{"allow":["GET"]}}],"collection":[{"href":"https:\/\/atyourfeet.blog\/index.php?rest_route=\/wp\/v2\/pages"}],"about":[{"href":"https:\/\/atyourfeet.blog\/index.php?rest_route=\/wp\/v2\/types\/page"}],"author":[{"embeddable":true,"href":"https:\/\/atyourfeet.blog\/index.php?rest_route=\/wp\/v2\/users\/1"}],"replies":[{"embeddable":true,"href":"https:\/\/atyourfeet.blog\/index.php?rest_route=%2Fwp%2Fv2%2Fcomments&post=3611"}],"version-history":[{"count":10,"href":"https:\/\/atyourfeet.blog\/index.php?rest_route=\/wp\/v2\/pages\/3611\/revisions"}],"predecessor-version":[{"id":3721,"href":"https:\/\/atyourfeet.blog\/index.php?rest_route=\/wp\/v2\/pages\/3611\/revisions\/3721"}],"wp:attachment":[{"href":"https:\/\/atyourfeet.blog\/index.php?rest_route=%2Fwp%2Fv2%2Fmedia&parent=3611"}],"curies":[{"name":"wp","href":"https:\/\/api.w.org\/{rel}","templated":true}]}}